{"id":74,"date":"2023-11-23T12:27:53","date_gmt":"2023-11-23T12:27:53","guid":{"rendered":"http:\/\/localhost\/globalresearch\/?page_id=74"},"modified":"2025-09-20T11:48:58","modified_gmt":"2025-09-20T11:48:58","slug":"pesquisas-operacionais","status":"publish","type":"page","link":"https:\/\/globalresearch-mz.com\/index.php\/pesquisas-operacionais\/","title":{"rendered":"Pesquisas operacionais"},"content":{"rendered":"\t\t<div data-elementor-type=\"wp-page\" data-elementor-id=\"74\" class=\"elementor elementor-74\">\n\t\t\t\t<div class=\"elementor-element elementor-element-bc22769 e-flex e-con-boxed e-con e-parent\" data-id=\"bc22769\" data-element_type=\"container\" data-e-type=\"container\" data-settings=\"{&quot;background_background&quot;:&quot;classic&quot;}\">\n\t\t\t\t\t<div class=\"e-con-inner\">\n\t\t\t\t<div class=\"elementor-element elementor-element-e20c540 elementor-widget elementor-widget-heading\" data-id=\"e20c540\" data-element_type=\"widget\" data-e-type=\"widget\" data-widget_type=\"heading.default\">\n\t\t\t\t<div class=\"elementor-widget-container\">\n\t\t\t\t\t<h1 class=\"elementor-heading-title elementor-size-default\">Pesquisas operacionais e cient\u00edficas<\/h1>\t\t\t\t<\/div>\n\t\t\t\t<\/div>\n\t\t\t\t\t<\/div>\n\t\t\t\t<\/div>\n\t\t<div class=\"elementor-element elementor-element-b990696 e-flex e-con-boxed e-con e-parent\" data-id=\"b990696\" data-element_type=\"container\" data-e-type=\"container\">\n\t\t\t\t\t<div class=\"e-con-inner\">\n\t\t\t\t<div class=\"elementor-element elementor-element-ef7aa58 elementor-widget__width-inherit elementor-widget elementor-widget-text-editor\" data-id=\"ef7aa58\" data-element_type=\"widget\" data-e-type=\"widget\" data-widget_type=\"text-editor.default\">\n\t\t\t\t<div class=\"elementor-widget-container\">\n\t\t\t\t\t\t\t\t\t<p>Estudos direccionados para tomada de decis\u00f5es baseando-se em evid\u00eancias cient\u00edficas (Diagn\u00f3stico de problemas e estabelecer poss\u00edveis solu\u00e7\u00f5es oriundas da base do problema) atrav\u00e9s de:<\/p>\t\t\t\t\t\t\t\t<\/div>\n\t\t\t\t<\/div>\n\t\t\t\t<div class=\"elementor-element elementor-element-8a042da elementor-widget__width-inherit elementor-icon-list--layout-traditional elementor-list-item-link-full_width elementor-widget elementor-widget-icon-list\" data-id=\"8a042da\" data-element_type=\"widget\" data-e-type=\"widget\" data-widget_type=\"icon-list.default\">\n\t\t\t\t<div class=\"elementor-widget-container\">\n\t\t\t\t\t\t\t<ul class=\"elementor-icon-list-items\">\n\t\t\t\t\t\t\t<li class=\"elementor-icon-list-item\">\n\t\t\t\t\t\t\t\t\t\t\t<span class=\"elementor-icon-list-icon\">\n\t\t\t\t\t\t\t<svg aria-hidden=\"true\" class=\"e-font-icon-svg e-fas-check\" viewBox=\"0 0 512 512\" xmlns=\"http:\/\/www.w3.org\/2000\/svg\"><path d=\"M173.898 439.404l-166.4-166.4c-9.997-9.997-9.997-26.206 0-36.204l36.203-36.204c9.997-9.998 26.207-9.998 36.204 0L192 312.69 432.095 72.596c9.997-9.997 26.207-9.997 36.204 0l36.203 36.204c9.997 9.997 9.997 26.206 0 36.204l-294.4 294.401c-9.998 9.997-26.207 9.997-36.204-.001z\"><\/path><\/svg>\t\t\t\t\t\t<\/span>\n\t\t\t\t\t\t\t\t\t\t<span class=\"elementor-icon-list-text\">Condu\u00e7\u00e3o de pesquisas operacionais recorrendo ao uso de HCD\/DCH (Desenho Centrado no Homem)<\/span>\n\t\t\t\t\t\t\t\t\t<\/li>\n\t\t\t\t\t\t\t\t<li class=\"elementor-icon-list-item\">\n\t\t\t\t\t\t\t\t\t\t\t<span class=\"elementor-icon-list-icon\">\n\t\t\t\t\t\t\t<svg aria-hidden=\"true\" class=\"e-font-icon-svg e-fas-check\" viewBox=\"0 0 512 512\" xmlns=\"http:\/\/www.w3.org\/2000\/svg\"><path d=\"M173.898 439.404l-166.4-166.4c-9.997-9.997-9.997-26.206 0-36.204l36.203-36.204c9.997-9.998 26.207-9.998 36.204 0L192 312.69 432.095 72.596c9.997-9.997 26.207-9.997 36.204 0l36.203 36.204c9.997 9.997 9.997 26.206 0 36.204l-294.4 294.401c-9.998 9.997-26.207 9.997-36.204-.001z\"><\/path><\/svg>\t\t\t\t\t\t<\/span>\n\t\t\t\t\t\t\t\t\t\t<span class=\"elementor-icon-list-text\">Elabora\u00e7\u00e3o de protocolos e condu\u00e7\u00e3o de pesquisas cient\u00edficas<\/span>\n\t\t\t\t\t\t\t\t\t<\/li>\n\t\t\t\t\t\t<\/ul>\n\t\t\t\t\t\t<\/div>\n\t\t\t\t<\/div>\n\t\t\t\t<div class=\"elementor-element elementor-element-ea2d031 elementor-widget elementor-widget-image\" data-id=\"ea2d031\" data-element_type=\"widget\" data-e-type=\"widget\" data-widget_type=\"image.default\">\n\t\t\t\t<div class=\"elementor-widget-container\">\n\t\t\t\t\t\t\t\t\t\t\t\t\t\t\t<img fetchpriority=\"high\" decoding=\"async\" width=\"1366\" height=\"444\" src=\"https:\/\/globalresearch-mz.com\/wp-content\/uploads\/2023\/11\/4-PesquisasOperacionais.jpg\" class=\"attachment-1536x1536 size-1536x1536 wp-image-358\" alt=\"\" srcset=\"https:\/\/globalresearch-mz.com\/wp-content\/uploads\/2023\/11\/4-PesquisasOperacionais.jpg 1366w, https:\/\/globalresearch-mz.com\/wp-content\/uploads\/2023\/11\/4-PesquisasOperacionais-300x98.jpg 300w, https:\/\/globalresearch-mz.com\/wp-content\/uploads\/2023\/11\/4-PesquisasOperacionais-1024x333.jpg 1024w, https:\/\/globalresearch-mz.com\/wp-content\/uploads\/2023\/11\/4-PesquisasOperacionais-768x250.jpg 768w\" sizes=\"(max-width: 1366px) 100vw, 1366px\" \/>\t\t\t\t\t\t\t\t\t\t\t\t\t\t\t<\/div>\n\t\t\t\t<\/div>\n\t\t\t\t\t<\/div>\n\t\t\t\t<\/div>\n\t\t\t\t<\/div>\n\t\t","protected":false},"excerpt":{"rendered":"<p>Pesquisas operacionais e cient\u00edficas Estudos direccionados para tomada de decis\u00f5es baseando-se em evid\u00eancias cient\u00edficas (Diagn\u00f3stico de problemas e estabelecer poss\u00edveis solu\u00e7\u00f5es oriundas da base do problema) atrav\u00e9s de: Condu\u00e7\u00e3o de pesquisas operacionais recorrendo ao uso de HCD\/DCH (Desenho Centrado no Homem) Elabora\u00e7\u00e3o de protocolos e condu\u00e7\u00e3o de pesquisas cient\u00edficas<\/p>\n","protected":false},"author":1,"featured_media":0,"parent":0,"menu_order":0,"comment_status":"closed","ping_status":"closed","template":"","meta":{"inline_featured_image":false,"site-sidebar-layout":"no-sidebar","site-content-layout":"","ast-site-content-layout":"full-width-container","site-content-style":"default","site-sidebar-style":"default","ast-global-header-display":"","ast-banner-title-visibility":"","ast-main-header-display":"","ast-hfb-above-header-display":"","ast-hfb-below-header-display":"","ast-hfb-mobile-header-display":"","site-post-title":"disabled","ast-breadcrumbs-content":"","ast-featured-img":"disabled","footer-sml-layout":"","theme-transparent-header-meta":"","adv-header-id-meta":"","stick-header-meta":"","header-above-stick-meta":"","header-main-stick-meta":"","header-below-stick-meta":"","astra-migrate-meta-layouts":"","ast-page-background-enabled":"default","ast-page-background-meta":{"desktop":{"background-color":"var(--ast-global-color-4)","background-image":"","background-repeat":"repeat","background-position":"center center","background-size":"auto","background-attachment":"scroll","background-type":"","background-media":"","overlay-type":"","overlay-color":"","overlay-gradient":""},"tablet":{"background-color":"","background-image":"","background-repeat":"repeat","background-position":"center center","background-size":"auto","background-attachment":"scroll","background-type":"","background-media":"","overlay-type":"","overlay-color":"","overlay-gradient":""},"mobile":{"background-color":"","background-image":"","background-repeat":"repeat","background-position":"center center","background-size":"auto","background-attachment":"scroll","background-type":"","background-media":"","overlay-type":"","overlay-color":"","overlay-gradient":""}},"ast-content-background-meta":{"desktop":{"background-color":"var(--ast-global-color-5)","background-image":"","background-repeat":"repeat","background-position":"center center","background-size":"auto","background-attachment":"scroll","background-type":"","background-media":"","overlay-type":"","overlay-color":"","overlay-gradient":""},"tablet":{"background-color":"var(--ast-global-color-5)","background-image":"","background-repeat":"repeat","background-position":"center center","background-size":"auto","background-attachment":"scroll","background-type":"","background-media":"","overlay-type":"","overlay-color":"","overlay-gradient":""},"mobile":{"background-color":"var(--ast-global-color-5)","background-image":"","background-repeat":"repeat","background-position":"center center","background-size":"auto","background-attachment":"scroll","background-type":"","background-media":"","overlay-type":"","overlay-color":"","overlay-gradient":""}},"footnotes":""},"class_list":["post-74","page","type-page","status-publish","hentry"],"yoast_head":"<!-- This site is optimized with the Yoast SEO plugin v27.0 - https:\/\/yoast.com\/product\/yoast-seo-wordpress\/ -->\n<title>Pesquisas operacionais - Global Research<\/title>\n<meta name=\"robots\" content=\"index, follow, max-snippet:-1, max-image-preview:large, max-video-preview:-1\" \/>\n<link rel=\"canonical\" href=\"https:\/\/globalresearch-mz.com\/index.php\/pesquisas-operacionais\/\" \/>\n<meta property=\"og:locale\" content=\"en_US\" \/>\n<meta property=\"og:type\" content=\"article\" \/>\n<meta property=\"og:title\" content=\"Pesquisas operacionais - Global Research\" \/>\n<meta property=\"og:description\" content=\"Pesquisas operacionais e cient\u00edficas Estudos direccionados para tomada de decis\u00f5es baseando-se em evid\u00eancias cient\u00edficas (Diagn\u00f3stico de problemas e estabelecer poss\u00edveis solu\u00e7\u00f5es oriundas da base do problema) atrav\u00e9s de: Condu\u00e7\u00e3o de pesquisas operacionais recorrendo ao uso de HCD\/DCH (Desenho Centrado no Homem) Elabora\u00e7\u00e3o de protocolos e condu\u00e7\u00e3o de pesquisas cient\u00edficas\" \/>\n<meta property=\"og:url\" content=\"https:\/\/globalresearch-mz.com\/index.php\/pesquisas-operacionais\/\" \/>\n<meta property=\"og:site_name\" content=\"Global Research\" \/>\n<meta property=\"article:modified_time\" content=\"2025-09-20T11:48:58+00:00\" \/>\n<meta property=\"og:image\" content=\"https:\/\/globalresearch-mz.com\/wp-content\/uploads\/2023\/11\/4-PesquisasOperacionais.jpg\" \/>\n\t<meta property=\"og:image:width\" content=\"1366\" \/>\n\t<meta property=\"og:image:height\" content=\"444\" \/>\n\t<meta property=\"og:image:type\" content=\"image\/jpeg\" \/>\n<meta name=\"twitter:card\" content=\"summary_large_image\" \/>\n<meta name=\"twitter:label1\" content=\"Est. reading time\" \/>\n\t<meta name=\"twitter:data1\" content=\"1 minute\" \/>\n<script type=\"application\/ld+json\" class=\"yoast-schema-graph\">{\"@context\":\"https:\/\/schema.org\",\"@graph\":[{\"@type\":\"WebPage\",\"@id\":\"https:\/\/globalresearch-mz.com\/index.php\/pesquisas-operacionais\/\",\"url\":\"https:\/\/globalresearch-mz.com\/index.php\/pesquisas-operacionais\/\",\"name\":\"Pesquisas operacionais - Global Research\",\"isPartOf\":{\"@id\":\"https:\/\/globalresearch-mz.com\/#website\"},\"primaryImageOfPage\":{\"@id\":\"https:\/\/globalresearch-mz.com\/index.php\/pesquisas-operacionais\/#primaryimage\"},\"image\":{\"@id\":\"https:\/\/globalresearch-mz.com\/index.php\/pesquisas-operacionais\/#primaryimage\"},\"thumbnailUrl\":\"https:\/\/globalresearch-mz.com\/wp-content\/uploads\/2023\/11\/4-PesquisasOperacionais.jpg\",\"datePublished\":\"2023-11-23T12:27:53+00:00\",\"dateModified\":\"2025-09-20T11:48:58+00:00\",\"breadcrumb\":{\"@id\":\"https:\/\/globalresearch-mz.com\/index.php\/pesquisas-operacionais\/#breadcrumb\"},\"inLanguage\":\"en-US\",\"potentialAction\":[{\"@type\":\"ReadAction\",\"target\":[\"https:\/\/globalresearch-mz.com\/index.php\/pesquisas-operacionais\/\"]}]},{\"@type\":\"ImageObject\",\"inLanguage\":\"en-US\",\"@id\":\"https:\/\/globalresearch-mz.com\/index.php\/pesquisas-operacionais\/#primaryimage\",\"url\":\"https:\/\/globalresearch-mz.com\/wp-content\/uploads\/2023\/11\/4-PesquisasOperacionais.jpg\",\"contentUrl\":\"https:\/\/globalresearch-mz.com\/wp-content\/uploads\/2023\/11\/4-PesquisasOperacionais.jpg\",\"width\":1366,\"height\":444},{\"@type\":\"BreadcrumbList\",\"@id\":\"https:\/\/globalresearch-mz.com\/index.php\/pesquisas-operacionais\/#breadcrumb\",\"itemListElement\":[{\"@type\":\"ListItem\",\"position\":1,\"name\":\"Home\",\"item\":\"https:\/\/globalresearch-mz.com\/\"},{\"@type\":\"ListItem\",\"position\":2,\"name\":\"Pesquisas operacionais\"}]},{\"@type\":\"WebSite\",\"@id\":\"https:\/\/globalresearch-mz.com\/#website\",\"url\":\"https:\/\/globalresearch-mz.com\/\",\"name\":\"Global Research\",\"description\":\"\",\"potentialAction\":[{\"@type\":\"SearchAction\",\"target\":{\"@type\":\"EntryPoint\",\"urlTemplate\":\"https:\/\/globalresearch-mz.com\/?s={search_term_string}\"},\"query-input\":{\"@type\":\"PropertyValueSpecification\",\"valueRequired\":true,\"valueName\":\"search_term_string\"}}],\"inLanguage\":\"en-US\"}]}<\/script>\n<!-- \/ Yoast SEO plugin. -->","yoast_head_json":{"title":"Pesquisas operacionais - Global Research","robots":{"index":"index","follow":"follow","max-snippet":"max-snippet:-1","max-image-preview":"max-image-preview:large","max-video-preview":"max-video-preview:-1"},"canonical":"https:\/\/globalresearch-mz.com\/index.php\/pesquisas-operacionais\/","og_locale":"en_US","og_type":"article","og_title":"Pesquisas operacionais - Global Research","og_description":"Pesquisas operacionais e cient\u00edficas Estudos direccionados para tomada de decis\u00f5es baseando-se em evid\u00eancias cient\u00edficas (Diagn\u00f3stico de problemas e estabelecer poss\u00edveis solu\u00e7\u00f5es oriundas da base do problema) atrav\u00e9s de: Condu\u00e7\u00e3o de pesquisas operacionais recorrendo ao uso de HCD\/DCH (Desenho Centrado no Homem) Elabora\u00e7\u00e3o de protocolos e condu\u00e7\u00e3o de pesquisas cient\u00edficas","og_url":"https:\/\/globalresearch-mz.com\/index.php\/pesquisas-operacionais\/","og_site_name":"Global Research","article_modified_time":"2025-09-20T11:48:58+00:00","og_image":[{"width":1366,"height":444,"url":"https:\/\/globalresearch-mz.com\/wp-content\/uploads\/2023\/11\/4-PesquisasOperacionais.jpg","type":"image\/jpeg"}],"twitter_card":"summary_large_image","twitter_misc":{"Est. reading time":"1 minute"},"schema":{"@context":"https:\/\/schema.org","@graph":[{"@type":"WebPage","@id":"https:\/\/globalresearch-mz.com\/index.php\/pesquisas-operacionais\/","url":"https:\/\/globalresearch-mz.com\/index.php\/pesquisas-operacionais\/","name":"Pesquisas operacionais - Global Research","isPartOf":{"@id":"https:\/\/globalresearch-mz.com\/#website"},"primaryImageOfPage":{"@id":"https:\/\/globalresearch-mz.com\/index.php\/pesquisas-operacionais\/#primaryimage"},"image":{"@id":"https:\/\/globalresearch-mz.com\/index.php\/pesquisas-operacionais\/#primaryimage"},"thumbnailUrl":"https:\/\/globalresearch-mz.com\/wp-content\/uploads\/2023\/11\/4-PesquisasOperacionais.jpg","datePublished":"2023-11-23T12:27:53+00:00","dateModified":"2025-09-20T11:48:58+00:00","breadcrumb":{"@id":"https:\/\/globalresearch-mz.com\/index.php\/pesquisas-operacionais\/#breadcrumb"},"inLanguage":"en-US","potentialAction":[{"@type":"ReadAction","target":["https:\/\/globalresearch-mz.com\/index.php\/pesquisas-operacionais\/"]}]},{"@type":"ImageObject","inLanguage":"en-US","@id":"https:\/\/globalresearch-mz.com\/index.php\/pesquisas-operacionais\/#primaryimage","url":"https:\/\/globalresearch-mz.com\/wp-content\/uploads\/2023\/11\/4-PesquisasOperacionais.jpg","contentUrl":"https:\/\/globalresearch-mz.com\/wp-content\/uploads\/2023\/11\/4-PesquisasOperacionais.jpg","width":1366,"height":444},{"@type":"BreadcrumbList","@id":"https:\/\/globalresearch-mz.com\/index.php\/pesquisas-operacionais\/#breadcrumb","itemListElement":[{"@type":"ListItem","position":1,"name":"Home","item":"https:\/\/globalresearch-mz.com\/"},{"@type":"ListItem","position":2,"name":"Pesquisas operacionais"}]},{"@type":"WebSite","@id":"https:\/\/globalresearch-mz.com\/#website","url":"https:\/\/globalresearch-mz.com\/","name":"Global Research","description":"","potentialAction":[{"@type":"SearchAction","target":{"@type":"EntryPoint","urlTemplate":"https:\/\/globalresearch-mz.com\/?s={search_term_string}"},"query-input":{"@type":"PropertyValueSpecification","valueRequired":true,"valueName":"search_term_string"}}],"inLanguage":"en-US"}]}},"_links":{"self":[{"href":"https:\/\/globalresearch-mz.com\/index.php\/wp-json\/wp\/v2\/pages\/74","targetHints":{"allow":["GET"]}}],"collection":[{"href":"https:\/\/globalresearch-mz.com\/index.php\/wp-json\/wp\/v2\/pages"}],"about":[{"href":"https:\/\/globalresearch-mz.com\/index.php\/wp-json\/wp\/v2\/types\/page"}],"author":[{"embeddable":true,"href":"https:\/\/globalresearch-mz.com\/index.php\/wp-json\/wp\/v2\/users\/1"}],"replies":[{"embeddable":true,"href":"https:\/\/globalresearch-mz.com\/index.php\/wp-json\/wp\/v2\/comments?post=74"}],"version-history":[{"count":7,"href":"https:\/\/globalresearch-mz.com\/index.php\/wp-json\/wp\/v2\/pages\/74\/revisions"}],"predecessor-version":[{"id":566,"href":"https:\/\/globalresearch-mz.com\/index.php\/wp-json\/wp\/v2\/pages\/74\/revisions\/566"}],"wp:attachment":[{"href":"https:\/\/globalresearch-mz.com\/index.php\/wp-json\/wp\/v2\/media?parent=74"}],"curies":[{"name":"wp","href":"https:\/\/api.w.org\/{rel}","templated":true}]}}